{"id":6812,"date":"2016-09-29T09:16:11","date_gmt":"2016-09-29T09:16:11","guid":{"rendered":"https:\/\/eteacher.webstickprojects.co.il\/de\/home\/"},"modified":"2025-09-10T14:48:18","modified_gmt":"2025-09-10T14:48:18","slug":"home","status":"publish","type":"page","link":"https:\/\/israelbiblicalstudies.com\/de\/","title":{"rendered":"Home"},"content":{"rendered":"","protected":false},"excerpt":{"rendered":"","protected":false},"author":25,"featured_media":0,"parent":0,"menu_order":0,"comment_status":"closed","ping_status":"closed","template":"page-home.php","meta":{"_acf_changed":false,"inline_featured_image":false,"footnotes":""},"class_list":["post-6812","page","type-page","status-publish","hentry"],"acf":[],"yoast_head":"<!-- This site is optimized with the Yoast SEO plugin v26.5 - https:\/\/yoast.com\/wordpress\/plugins\/seo\/ -->\n<title>Israelisches Institut f\u00fcr Bibelstudien - Onlineklassen mit Kursleiter<\/title>\n<meta name=\"description\" content=\"Vertiefen Sie Ihr Verst\u00e4ndnis der Bibel mit Kursleitern der Weltklasse. Lernen Sie biblische Sprachen und antike j\u00fcdische Traditionen, w\u00e4hrend Sie das Heilige Land kennenlernen. In Zusammenarbeit mit der Hebr\u00e4ischen Universit\u00e4t in Jerusalem.\" \/>\n<meta name=\"robots\" content=\"index, follow, max-snippet:-1, max-image-preview:large, max-video-preview:-1\" \/>\n<link rel=\"canonical\" href=\"https:\/\/israelbiblicalstudies.com\/de\/\" \/>\n<meta property=\"og:locale\" content=\"de_DE\" \/>\n<meta property=\"og:type\" content=\"article\" \/>\n<meta property=\"og:title\" content=\"Israelisches Institut f\u00fcr Bibelstudien - Onlineklassen mit Kursleiter\" \/>\n<meta property=\"og:description\" content=\"Vertiefen Sie Ihr Verst\u00e4ndnis der Bibel mit Kursleitern der Weltklasse. Lernen Sie biblische Sprachen und antike j\u00fcdische Traditionen, w\u00e4hrend Sie das Heilige Land kennenlernen. In Zusammenarbeit mit der Hebr\u00e4ischen Universit\u00e4t in Jerusalem.\" \/>\n<meta property=\"og:url\" content=\"https:\/\/israelbiblicalstudies.com\/de\/\" \/>\n<meta property=\"og:site_name\" content=\"Israel Institute of Biblical Studies\" \/>\n<meta property=\"article:modified_time\" content=\"2025-09-10T14:48:18+00:00\" \/>\n<meta name=\"twitter:card\" content=\"summary_large_image\" \/>\n<script type=\"application\/ld+json\" class=\"yoast-schema-graph\">{\"@context\":\"https:\/\/schema.org\",\"@graph\":[{\"@type\":\"WebPage\",\"@id\":\"https:\/\/israelbiblicalstudies.com\/de\/\",\"url\":\"https:\/\/israelbiblicalstudies.com\/de\/\",\"name\":\"Israelisches Institut f\u00fcr Bibelstudien - Onlineklassen mit Kursleiter\",\"isPartOf\":{\"@id\":\"https:\/\/israelbiblicalstudies.com\/de\/#website\"},\"datePublished\":\"2016-09-29T09:16:11+00:00\",\"dateModified\":\"2025-09-10T14:48:18+00:00\",\"description\":\"Vertiefen Sie Ihr Verst\u00e4ndnis der Bibel mit Kursleitern der Weltklasse. Lernen Sie biblische Sprachen und antike j\u00fcdische Traditionen, w\u00e4hrend Sie das Heilige Land kennenlernen. In Zusammenarbeit mit der Hebr\u00e4ischen Universit\u00e4t in Jerusalem.\",\"breadcrumb\":{\"@id\":\"https:\/\/israelbiblicalstudies.com\/de\/#breadcrumb\"},\"inLanguage\":\"de-DE\",\"potentialAction\":[{\"@type\":\"ReadAction\",\"target\":[\"https:\/\/israelbiblicalstudies.com\/de\/\"]}]},{\"@type\":\"BreadcrumbList\",\"@id\":\"https:\/\/israelbiblicalstudies.com\/de\/#breadcrumb\",\"itemListElement\":[{\"@type\":\"ListItem\",\"position\":1,\"name\":\"Home\",\"item\":\"https:\/\/israelbiblicalstudies.com\/de\/\"},{\"@type\":\"ListItem\",\"position\":2,\"name\":\"Home\"}]},{\"@type\":\"WebSite\",\"@id\":\"https:\/\/israelbiblicalstudies.com\/de\/#website\",\"url\":\"https:\/\/israelbiblicalstudies.com\/de\/\",\"name\":\"Israel Institute of Biblical Studies\",\"description\":\"Deepen Your Understanding of the Bible\",\"publisher\":{\"@id\":\"https:\/\/israelbiblicalstudies.com\/de\/#organization\"},\"potentialAction\":[{\"@type\":\"SearchAction\",\"target\":{\"@type\":\"EntryPoint\",\"urlTemplate\":\"https:\/\/israelbiblicalstudies.com\/de\/?s={search_term_string}\"},\"query-input\":{\"@type\":\"PropertyValueSpecification\",\"valueRequired\":true,\"valueName\":\"search_term_string\"}}],\"inLanguage\":\"de-DE\"},{\"@type\":\"Organization\",\"@id\":\"https:\/\/israelbiblicalstudies.com\/de\/#organization\",\"name\":\"Israel Biblical Studies\",\"url\":\"https:\/\/israelbiblicalstudies.com\/de\/\",\"logo\":{\"@type\":\"ImageObject\",\"inLanguage\":\"de-DE\",\"@id\":\"https:\/\/israelbiblicalstudies.com\/de\/#\/schema\/logo\/image\/\",\"url\":\"https:\/\/israelbiblicalstudies.com\/wp-content\/uploads\/2016\/09\/logo-invert.png\",\"contentUrl\":\"https:\/\/israelbiblicalstudies.com\/wp-content\/uploads\/2016\/09\/logo-invert.png\",\"width\":152,\"height\":68,\"caption\":\"Israel Biblical Studies\"},\"image\":{\"@id\":\"https:\/\/israelbiblicalstudies.com\/de\/#\/schema\/logo\/image\/\"}}]}<\/script>\n<!-- \/ Yoast SEO plugin. -->","yoast_head_json":{"title":"Israelisches Institut f\u00fcr Bibelstudien - Onlineklassen mit Kursleiter","description":"Vertiefen Sie Ihr Verst\u00e4ndnis der Bibel mit Kursleitern der Weltklasse. Lernen Sie biblische Sprachen und antike j\u00fcdische Traditionen, w\u00e4hrend Sie das Heilige Land kennenlernen. In Zusammenarbeit mit der Hebr\u00e4ischen Universit\u00e4t in Jerusalem.","robots":{"index":"index","follow":"follow","max-snippet":"max-snippet:-1","max-image-preview":"max-image-preview:large","max-video-preview":"max-video-preview:-1"},"canonical":"https:\/\/israelbiblicalstudies.com\/de\/","og_locale":"de_DE","og_type":"article","og_title":"Israelisches Institut f\u00fcr Bibelstudien - Onlineklassen mit Kursleiter","og_description":"Vertiefen Sie Ihr Verst\u00e4ndnis der Bibel mit Kursleitern der Weltklasse. Lernen Sie biblische Sprachen und antike j\u00fcdische Traditionen, w\u00e4hrend Sie das Heilige Land kennenlernen. In Zusammenarbeit mit der Hebr\u00e4ischen Universit\u00e4t in Jerusalem.","og_url":"https:\/\/israelbiblicalstudies.com\/de\/","og_site_name":"Israel Institute of Biblical Studies","article_modified_time":"2025-09-10T14:48:18+00:00","twitter_card":"summary_large_image","schema":{"@context":"https:\/\/schema.org","@graph":[{"@type":"WebPage","@id":"https:\/\/israelbiblicalstudies.com\/de\/","url":"https:\/\/israelbiblicalstudies.com\/de\/","name":"Israelisches Institut f\u00fcr Bibelstudien - Onlineklassen mit Kursleiter","isPartOf":{"@id":"https:\/\/israelbiblicalstudies.com\/de\/#website"},"datePublished":"2016-09-29T09:16:11+00:00","dateModified":"2025-09-10T14:48:18+00:00","description":"Vertiefen Sie Ihr Verst\u00e4ndnis der Bibel mit Kursleitern der Weltklasse. Lernen Sie biblische Sprachen und antike j\u00fcdische Traditionen, w\u00e4hrend Sie das Heilige Land kennenlernen. In Zusammenarbeit mit der Hebr\u00e4ischen Universit\u00e4t in Jerusalem.","breadcrumb":{"@id":"https:\/\/israelbiblicalstudies.com\/de\/#breadcrumb"},"inLanguage":"de-DE","potentialAction":[{"@type":"ReadAction","target":["https:\/\/israelbiblicalstudies.com\/de\/"]}]},{"@type":"BreadcrumbList","@id":"https:\/\/israelbiblicalstudies.com\/de\/#breadcrumb","itemListElement":[{"@type":"ListItem","position":1,"name":"Home","item":"https:\/\/israelbiblicalstudies.com\/de\/"},{"@type":"ListItem","position":2,"name":"Home"}]},{"@type":"WebSite","@id":"https:\/\/israelbiblicalstudies.com\/de\/#website","url":"https:\/\/israelbiblicalstudies.com\/de\/","name":"Israel Institute of Biblical Studies","description":"Deepen Your Understanding of the Bible","publisher":{"@id":"https:\/\/israelbiblicalstudies.com\/de\/#organization"},"potentialAction":[{"@type":"SearchAction","target":{"@type":"EntryPoint","urlTemplate":"https:\/\/israelbiblicalstudies.com\/de\/?s={search_term_string}"},"query-input":{"@type":"PropertyValueSpecification","valueRequired":true,"valueName":"search_term_string"}}],"inLanguage":"de-DE"},{"@type":"Organization","@id":"https:\/\/israelbiblicalstudies.com\/de\/#organization","name":"Israel Biblical Studies","url":"https:\/\/israelbiblicalstudies.com\/de\/","logo":{"@type":"ImageObject","inLanguage":"de-DE","@id":"https:\/\/israelbiblicalstudies.com\/de\/#\/schema\/logo\/image\/","url":"https:\/\/israelbiblicalstudies.com\/wp-content\/uploads\/2016\/09\/logo-invert.png","contentUrl":"https:\/\/israelbiblicalstudies.com\/wp-content\/uploads\/2016\/09\/logo-invert.png","width":152,"height":68,"caption":"Israel Biblical Studies"},"image":{"@id":"https:\/\/israelbiblicalstudies.com\/de\/#\/schema\/logo\/image\/"}}]}},"_links":{"self":[{"href":"https:\/\/israelbiblicalstudies.com\/de\/wp-json\/wp\/v2\/pages\/6812","targetHints":{"allow":["GET"]}}],"collection":[{"href":"https:\/\/israelbiblicalstudies.com\/de\/wp-json\/wp\/v2\/pages"}],"about":[{"href":"https:\/\/israelbiblicalstudies.com\/de\/wp-json\/wp\/v2\/types\/page"}],"author":[{"embeddable":true,"href":"https:\/\/israelbiblicalstudies.com\/de\/wp-json\/wp\/v2\/users\/25"}],"replies":[{"embeddable":true,"href":"https:\/\/israelbiblicalstudies.com\/de\/wp-json\/wp\/v2\/comments?post=6812"}],"version-history":[{"count":0,"href":"https:\/\/israelbiblicalstudies.com\/de\/wp-json\/wp\/v2\/pages\/6812\/revisions"}],"wp:attachment":[{"href":"https:\/\/israelbiblicalstudies.com\/de\/wp-json\/wp\/v2\/media?parent=6812"}],"curies":[{"name":"wp","href":"https:\/\/api.w.org\/{rel}","templated":true}]}}