{"id":1471,"date":"2016-09-20T08:30:53","date_gmt":"2016-09-20T08:30:53","guid":{"rendered":"https:\/\/eteacher.webstickprojects.co.il\/es\/about\/"},"modified":"2024-02-27T09:53:14","modified_gmt":"2024-02-27T09:53:14","slug":"about","status":"publish","type":"page","link":"https:\/\/israelbiblicalstudies.com\/es\/about\/","title":{"rendered":"Qui\u00e9nes somos"},"content":{"rendered":"","protected":false},"excerpt":{"rendered":"","protected":false},"author":25,"featured_media":0,"parent":0,"menu_order":0,"comment_status":"closed","ping_status":"closed","template":"page-about.php","meta":{"_acf_changed":false,"inline_featured_image":false,"footnotes":""},"class_list":["post-1471","page","type-page","status-publish","hentry"],"acf":[],"yoast_head":"<!-- This site is optimized with the Yoast SEO plugin v26.5 - https:\/\/yoast.com\/wordpress\/plugins\/seo\/ -->\n<title>Nosotros: historia del Instituto de Estudios B\u00edblicos de Israel<\/title>\n<meta name=\"description\" content=\"El objetivo del Instituto de Estudios B\u00edblicos de Israel es hacer que la Biblia sea accesible a todo el mundo mediante estudios b\u00edblicos y cursos de idiomas. Buscamos familiarizar a nuestros estudiantes con el plan de redenci\u00f3n de Dios, tal como est\u00e1 escrito en la Biblia.\" \/>\n<meta name=\"robots\" content=\"index, follow, max-snippet:-1, max-image-preview:large, max-video-preview:-1\" \/>\n<link rel=\"canonical\" href=\"https:\/\/israelbiblicalstudies.com\/es\/about\/\" \/>\n<meta property=\"og:locale\" content=\"es_ES\" \/>\n<meta property=\"og:type\" content=\"article\" \/>\n<meta property=\"og:title\" content=\"Nosotros: historia del Instituto de Estudios B\u00edblicos de Israel\" \/>\n<meta property=\"og:description\" content=\"El objetivo del Instituto de Estudios B\u00edblicos de Israel es hacer que la Biblia sea accesible a todo el mundo mediante estudios b\u00edblicos y cursos de idiomas. Buscamos familiarizar a nuestros estudiantes con el plan de redenci\u00f3n de Dios, tal como est\u00e1 escrito en la Biblia.\" \/>\n<meta property=\"og:url\" content=\"https:\/\/israelbiblicalstudies.com\/es\/about\/\" \/>\n<meta property=\"og:site_name\" content=\"Israel Institute of Biblical Studies\" \/>\n<meta property=\"article:modified_time\" content=\"2024-02-27T09:53:14+00:00\" \/>\n<meta name=\"twitter:card\" content=\"summary_large_image\" \/>\n<script type=\"application\/ld+json\" class=\"yoast-schema-graph\">{\"@context\":\"https:\/\/schema.org\",\"@graph\":[{\"@type\":\"WebPage\",\"@id\":\"https:\/\/israelbiblicalstudies.com\/es\/about\/\",\"url\":\"https:\/\/israelbiblicalstudies.com\/es\/about\/\",\"name\":\"Nosotros: historia del Instituto de Estudios B\u00edblicos de Israel\",\"isPartOf\":{\"@id\":\"https:\/\/israelbiblicalstudies.com\/es\/#website\"},\"datePublished\":\"2016-09-20T08:30:53+00:00\",\"dateModified\":\"2024-02-27T09:53:14+00:00\",\"description\":\"El objetivo del Instituto de Estudios B\u00edblicos de Israel es hacer que la Biblia sea accesible a todo el mundo mediante estudios b\u00edblicos y cursos de idiomas. Buscamos familiarizar a nuestros estudiantes con el plan de redenci\u00f3n de Dios, tal como est\u00e1 escrito en la Biblia.\",\"breadcrumb\":{\"@id\":\"https:\/\/israelbiblicalstudies.com\/es\/about\/#breadcrumb\"},\"inLanguage\":\"es\",\"potentialAction\":[{\"@type\":\"ReadAction\",\"target\":[\"https:\/\/israelbiblicalstudies.com\/es\/about\/\"]}]},{\"@type\":\"BreadcrumbList\",\"@id\":\"https:\/\/israelbiblicalstudies.com\/es\/about\/#breadcrumb\",\"itemListElement\":[{\"@type\":\"ListItem\",\"position\":1,\"name\":\"Home\",\"item\":\"https:\/\/israelbiblicalstudies.com\/es\/\"},{\"@type\":\"ListItem\",\"position\":2,\"name\":\"Qui\u00e9nes somos\"}]},{\"@type\":\"WebSite\",\"@id\":\"https:\/\/israelbiblicalstudies.com\/es\/#website\",\"url\":\"https:\/\/israelbiblicalstudies.com\/es\/\",\"name\":\"Israel Institute of Biblical Studies\",\"description\":\"Deepen Your Understanding of the Bible\",\"publisher\":{\"@id\":\"https:\/\/israelbiblicalstudies.com\/es\/#organization\"},\"potentialAction\":[{\"@type\":\"SearchAction\",\"target\":{\"@type\":\"EntryPoint\",\"urlTemplate\":\"https:\/\/israelbiblicalstudies.com\/es\/?s={search_term_string}\"},\"query-input\":{\"@type\":\"PropertyValueSpecification\",\"valueRequired\":true,\"valueName\":\"search_term_string\"}}],\"inLanguage\":\"es\"},{\"@type\":\"Organization\",\"@id\":\"https:\/\/israelbiblicalstudies.com\/es\/#organization\",\"name\":\"Israel Biblical Studies\",\"url\":\"https:\/\/israelbiblicalstudies.com\/es\/\",\"logo\":{\"@type\":\"ImageObject\",\"inLanguage\":\"es\",\"@id\":\"https:\/\/israelbiblicalstudies.com\/es\/#\/schema\/logo\/image\/\",\"url\":\"https:\/\/israelbiblicalstudies.com\/wp-content\/uploads\/2016\/09\/logo-invert.png\",\"contentUrl\":\"https:\/\/israelbiblicalstudies.com\/wp-content\/uploads\/2016\/09\/logo-invert.png\",\"width\":152,\"height\":68,\"caption\":\"Israel Biblical Studies\"},\"image\":{\"@id\":\"https:\/\/israelbiblicalstudies.com\/es\/#\/schema\/logo\/image\/\"}}]}<\/script>\n<!-- \/ Yoast SEO plugin. -->","yoast_head_json":{"title":"Nosotros: historia del Instituto de Estudios B\u00edblicos de Israel","description":"El objetivo del Instituto de Estudios B\u00edblicos de Israel es hacer que la Biblia sea accesible a todo el mundo mediante estudios b\u00edblicos y cursos de idiomas. Buscamos familiarizar a nuestros estudiantes con el plan de redenci\u00f3n de Dios, tal como est\u00e1 escrito en la Biblia.","robots":{"index":"index","follow":"follow","max-snippet":"max-snippet:-1","max-image-preview":"max-image-preview:large","max-video-preview":"max-video-preview:-1"},"canonical":"https:\/\/israelbiblicalstudies.com\/es\/about\/","og_locale":"es_ES","og_type":"article","og_title":"Nosotros: historia del Instituto de Estudios B\u00edblicos de Israel","og_description":"El objetivo del Instituto de Estudios B\u00edblicos de Israel es hacer que la Biblia sea accesible a todo el mundo mediante estudios b\u00edblicos y cursos de idiomas. Buscamos familiarizar a nuestros estudiantes con el plan de redenci\u00f3n de Dios, tal como est\u00e1 escrito en la Biblia.","og_url":"https:\/\/israelbiblicalstudies.com\/es\/about\/","og_site_name":"Israel Institute of Biblical Studies","article_modified_time":"2024-02-27T09:53:14+00:00","twitter_card":"summary_large_image","schema":{"@context":"https:\/\/schema.org","@graph":[{"@type":"WebPage","@id":"https:\/\/israelbiblicalstudies.com\/es\/about\/","url":"https:\/\/israelbiblicalstudies.com\/es\/about\/","name":"Nosotros: historia del Instituto de Estudios B\u00edblicos de Israel","isPartOf":{"@id":"https:\/\/israelbiblicalstudies.com\/es\/#website"},"datePublished":"2016-09-20T08:30:53+00:00","dateModified":"2024-02-27T09:53:14+00:00","description":"El objetivo del Instituto de Estudios B\u00edblicos de Israel es hacer que la Biblia sea accesible a todo el mundo mediante estudios b\u00edblicos y cursos de idiomas. Buscamos familiarizar a nuestros estudiantes con el plan de redenci\u00f3n de Dios, tal como est\u00e1 escrito en la Biblia.","breadcrumb":{"@id":"https:\/\/israelbiblicalstudies.com\/es\/about\/#breadcrumb"},"inLanguage":"es","potentialAction":[{"@type":"ReadAction","target":["https:\/\/israelbiblicalstudies.com\/es\/about\/"]}]},{"@type":"BreadcrumbList","@id":"https:\/\/israelbiblicalstudies.com\/es\/about\/#breadcrumb","itemListElement":[{"@type":"ListItem","position":1,"name":"Home","item":"https:\/\/israelbiblicalstudies.com\/es\/"},{"@type":"ListItem","position":2,"name":"Qui\u00e9nes somos"}]},{"@type":"WebSite","@id":"https:\/\/israelbiblicalstudies.com\/es\/#website","url":"https:\/\/israelbiblicalstudies.com\/es\/","name":"Israel Institute of Biblical Studies","description":"Deepen Your Understanding of the Bible","publisher":{"@id":"https:\/\/israelbiblicalstudies.com\/es\/#organization"},"potentialAction":[{"@type":"SearchAction","target":{"@type":"EntryPoint","urlTemplate":"https:\/\/israelbiblicalstudies.com\/es\/?s={search_term_string}"},"query-input":{"@type":"PropertyValueSpecification","valueRequired":true,"valueName":"search_term_string"}}],"inLanguage":"es"},{"@type":"Organization","@id":"https:\/\/israelbiblicalstudies.com\/es\/#organization","name":"Israel Biblical Studies","url":"https:\/\/israelbiblicalstudies.com\/es\/","logo":{"@type":"ImageObject","inLanguage":"es","@id":"https:\/\/israelbiblicalstudies.com\/es\/#\/schema\/logo\/image\/","url":"https:\/\/israelbiblicalstudies.com\/wp-content\/uploads\/2016\/09\/logo-invert.png","contentUrl":"https:\/\/israelbiblicalstudies.com\/wp-content\/uploads\/2016\/09\/logo-invert.png","width":152,"height":68,"caption":"Israel Biblical Studies"},"image":{"@id":"https:\/\/israelbiblicalstudies.com\/es\/#\/schema\/logo\/image\/"}}]}},"_links":{"self":[{"href":"https:\/\/israelbiblicalstudies.com\/es\/wp-json\/wp\/v2\/pages\/1471","targetHints":{"allow":["GET"]}}],"collection":[{"href":"https:\/\/israelbiblicalstudies.com\/es\/wp-json\/wp\/v2\/pages"}],"about":[{"href":"https:\/\/israelbiblicalstudies.com\/es\/wp-json\/wp\/v2\/types\/page"}],"author":[{"embeddable":true,"href":"https:\/\/israelbiblicalstudies.com\/es\/wp-json\/wp\/v2\/users\/25"}],"replies":[{"embeddable":true,"href":"https:\/\/israelbiblicalstudies.com\/es\/wp-json\/wp\/v2\/comments?post=1471"}],"version-history":[{"count":0,"href":"https:\/\/israelbiblicalstudies.com\/es\/wp-json\/wp\/v2\/pages\/1471\/revisions"}],"wp:attachment":[{"href":"https:\/\/israelbiblicalstudies.com\/es\/wp-json\/wp\/v2\/media?parent=1471"}],"curies":[{"name":"wp","href":"https:\/\/api.w.org\/{rel}","templated":true}]}}